{"id":176,"date":"2023-01-31T20:42:23","date_gmt":"2023-01-31T20:42:23","guid":{"rendered":"https:\/\/qualtechsurplus.com\/termes-et-conditions\/"},"modified":"2024-02-24T23:56:14","modified_gmt":"2024-02-24T23:56:14","slug":"termes-et-conditions-de-vente","status":"publish","type":"page","link":"https:\/\/qualtechsurplus.com\/fr\/termes-et-conditions-de-vente\/","title":{"rendered":"Termes de vente"},"content":{"rendered":"<section class=\"wpb-content-wrapper\"><p>[vc_row][vc_column][vc_column_text]<\/p>\n<ul>\n<li>Tous les prix sont FOB Qu\u00e9bec, QC ou Drummondville, QC et sont sujets \u00e0 une vente pr\u00e9alable.<\/li>\n<li>Les prix sont tels quels, l\u00e0 o\u00f9 ils sont et n&#8217;incluent pas le reconditionnement, \u00e0 l&#8217;exception de ceux d\u00e9crits diff\u00e9remment.<\/li>\n<li>Aucune garantie n&#8217;est exprim\u00e9e ou implicite \u00e0 moins d&#8217;avoir \u00e9t\u00e9 re\u00e7ue par \u00e9crit de Qualtech inc.<\/li>\n<li>Toutes les taxes sont \u00e0 la charge de l&#8217;acheteur.<\/li>\n<li>L&#8217;\u00e9quipement est achet\u00e9 dans l&#8217;\u00e9tat o\u00f9 il se trouve, il est recommand\u00e9 de l&#8217;inspecter avant de l&#8217;acheter.<\/li>\n<li>L&#8217;emballage ou la mise en caisse sont sujets \u00e0 des frais suppl\u00e9mentaires.<\/li>\n<li>Les conditions sont un d\u00e9p\u00f4t de 50 % \u00e0 la commande, le solde avant l&#8217;exp\u00e9dition.<\/li>\n<li>Tous les d\u00e9lais de livraison sont approximatifs et indiqu\u00e9s \u00e0 partir de la r\u00e9ception de l&#8217;acompte.<\/li>\n<\/ul>\n<p>[\/vc_column_text][\/vc_column][\/vc_row]<\/p>\n<\/section>","protected":false},"excerpt":{"rendered":"<p>[vc_row][vc_column][vc_column_text]<\/p>\n<p>Tous les prix sont FOB Qu\u00e9bec, QC ou Drummondville, QC et sont sujets \u00e0 une vente pr\u00e9alable.<br \/>\nLes prix sont tels quels, l\u00e0 o\u00f9 ils sont et n&#8217;incluent pas le reconditionnement, \u00e0 l&#8217;exception de ceux d\u00e9crits diff\u00e9remment.<br \/>\nAucune garantie n&#8217;est exprim\u00e9e ou implicite \u00e0 moins d&#8217;avoir \u00e9t\u00e9 re\u00e7ue par \u00e9crit de Qualtech inc.<br \/>\nToutes les taxes sont \u00e0 la charge de l&#8217;acheteur.<br \/>\nL&#8217;\u00e9quipement est achet\u00e9 dans l&#8217;\u00e9tat o\u00f9 il se trouve, il est recommand\u00e9 de l&#8217;inspecter avant de l&#8217;acheter.<br \/>\nL&#8217;emballage ou la mise en caisse sont sujets \u00e0 des frais suppl\u00e9mentaires.<br \/>\nLes conditions sont un d\u00e9p\u00f4t de 50 % \u00e0 la commande, le solde avant l&#8217;exp\u00e9dition.<br \/>\nTous les d\u00e9lais de livraison sont approximatifs et indiqu\u00e9s \u00e0 partir de la r\u00e9ception de l&#8217;acompte.<\/p>\n<p>[\/vc_column_text][\/vc_column][\/vc_row]<\/p>\n","protected":false},"author":1,"featured_media":0,"parent":0,"menu_order":0,"comment_status":"closed","ping_status":"open","template":"","meta":{"inline_featured_image":false,"footnotes":""},"yoast_head":"<!-- This site is optimized with the Yoast SEO plugin v22.1 - https:\/\/yoast.com\/wordpress\/plugins\/seo\/ -->\n<title>Termes de vente - Qualtechsurplus<\/title>\n<meta name=\"description\" content=\"Qualtechsurplus se sp\u00e9cialise dans la vente et l&#039;achat d&#039;\u00e9quipements provenant de l&#039;industrie de la transformation laiti\u00e8re.\" \/>\n<meta name=\"robots\" content=\"index, follow, max-snippet:-1, max-image-preview:large, max-video-preview:-1\" \/>\n<link rel=\"canonical\" href=\"https:\/\/qualtechsurplus.com\/fr\/termes-et-conditions-de-vente\/\" \/>\n<meta property=\"og:locale\" content=\"fr_CA\" \/>\n<meta property=\"og:type\" content=\"article\" \/>\n<meta property=\"og:title\" content=\"Termes de vente - Qualtechsurplus\" \/>\n<meta property=\"og:description\" content=\"Qualtechsurplus se sp\u00e9cialise dans la vente et l&#039;achat d&#039;\u00e9quipements provenant de l&#039;industrie de la transformation laiti\u00e8re.\" \/>\n<meta property=\"og:url\" content=\"https:\/\/qualtechsurplus.com\/fr\/termes-et-conditions-de-vente\/\" \/>\n<meta property=\"og:site_name\" content=\"Qualtechsurplus\" \/>\n<meta property=\"article:modified_time\" content=\"2024-02-24T23:56:14+00:00\" \/>\n<meta property=\"og:image\" content=\"https:\/\/qualtechsurplus.com\/wp-content\/uploads\/2023\/09\/Logo-Qualtech-Bleu.png\" \/>\n\t<meta property=\"og:image:width\" content=\"3882\" \/>\n\t<meta property=\"og:image:height\" content=\"1807\" \/>\n\t<meta property=\"og:image:type\" content=\"image\/png\" \/>\n<meta name=\"twitter:card\" content=\"summary_large_image\" \/>\n<meta name=\"twitter:label1\" content=\"Estimation du temps de lecture\" \/>\n\t<meta name=\"twitter:data1\" content=\"1 minute\" \/>\n<script type=\"application\/ld+json\" class=\"yoast-schema-graph\">{\"@context\":\"https:\/\/schema.org\",\"@graph\":[{\"@type\":\"WebPage\",\"@id\":\"https:\/\/qualtechsurplus.com\/fr\/termes-et-conditions-de-vente\/\",\"url\":\"https:\/\/qualtechsurplus.com\/fr\/termes-et-conditions-de-vente\/\",\"name\":\"Termes de vente - Qualtechsurplus\",\"isPartOf\":{\"@id\":\"https:\/\/qualtechsurplus.com\/#website\"},\"datePublished\":\"2023-01-31T20:42:23+00:00\",\"dateModified\":\"2024-02-24T23:56:14+00:00\",\"description\":\"Qualtechsurplus se sp\u00e9cialise dans la vente et l'achat d'\u00e9quipements provenant de l'industrie de la transformation laiti\u00e8re.\",\"breadcrumb\":{\"@id\":\"https:\/\/qualtechsurplus.com\/fr\/termes-et-conditions-de-vente\/#breadcrumb\"},\"inLanguage\":\"fr-CA\",\"potentialAction\":[{\"@type\":\"ReadAction\",\"target\":[\"https:\/\/qualtechsurplus.com\/fr\/termes-et-conditions-de-vente\/\"]}]},{\"@type\":\"BreadcrumbList\",\"@id\":\"https:\/\/qualtechsurplus.com\/fr\/termes-et-conditions-de-vente\/#breadcrumb\",\"itemListElement\":[{\"@type\":\"ListItem\",\"position\":1,\"name\":\"Home\",\"item\":\"https:\/\/qualtechsurplus.com\/fr\/\"},{\"@type\":\"ListItem\",\"position\":2,\"name\":\"Termes de vente\"}]},{\"@type\":\"WebSite\",\"@id\":\"https:\/\/qualtechsurplus.com\/#website\",\"url\":\"https:\/\/qualtechsurplus.com\/\",\"name\":\"Qualtechsurplus\",\"description\":\"\",\"publisher\":{\"@id\":\"https:\/\/qualtechsurplus.com\/#organization\"},\"potentialAction\":[{\"@type\":\"SearchAction\",\"target\":{\"@type\":\"EntryPoint\",\"urlTemplate\":\"https:\/\/qualtechsurplus.com\/?s={search_term_string}\"},\"query-input\":\"required name=search_term_string\"}],\"inLanguage\":\"fr-CA\"},{\"@type\":\"Organization\",\"@id\":\"https:\/\/qualtechsurplus.com\/#organization\",\"name\":\"Qualtechsurplus\",\"url\":\"https:\/\/qualtechsurplus.com\/\",\"logo\":{\"@type\":\"ImageObject\",\"inLanguage\":\"fr-CA\",\"@id\":\"https:\/\/qualtechsurplus.com\/#\/schema\/logo\/image\/\",\"url\":\"https:\/\/qualtechsurplus.com\/wp-content\/uploads\/2023\/09\/Logo-Qualtech-Bleu.png\",\"contentUrl\":\"https:\/\/qualtechsurplus.com\/wp-content\/uploads\/2023\/09\/Logo-Qualtech-Bleu.png\",\"width\":3882,\"height\":1807,\"caption\":\"Qualtechsurplus\"},\"image\":{\"@id\":\"https:\/\/qualtechsurplus.com\/#\/schema\/logo\/image\/\"}}]}<\/script>\n<!-- \/ Yoast SEO plugin. -->","yoast_head_json":{"title":"Termes de vente - Qualtechsurplus","description":"Qualtechsurplus se sp\u00e9cialise dans la vente et l'achat d'\u00e9quipements provenant de l'industrie de la transformation laiti\u00e8re.","robots":{"index":"index","follow":"follow","max-snippet":"max-snippet:-1","max-image-preview":"max-image-preview:large","max-video-preview":"max-video-preview:-1"},"canonical":"https:\/\/qualtechsurplus.com\/fr\/termes-et-conditions-de-vente\/","og_locale":"fr_CA","og_type":"article","og_title":"Termes de vente - Qualtechsurplus","og_description":"Qualtechsurplus se sp\u00e9cialise dans la vente et l'achat d'\u00e9quipements provenant de l'industrie de la transformation laiti\u00e8re.","og_url":"https:\/\/qualtechsurplus.com\/fr\/termes-et-conditions-de-vente\/","og_site_name":"Qualtechsurplus","article_modified_time":"2024-02-24T23:56:14+00:00","og_image":[{"width":3882,"height":1807,"url":"https:\/\/qualtechsurplus.com\/wp-content\/uploads\/2023\/09\/Logo-Qualtech-Bleu.png","type":"image\/png"}],"twitter_card":"summary_large_image","twitter_misc":{"Estimation du temps de lecture":"1 minute"},"schema":{"@context":"https:\/\/schema.org","@graph":[{"@type":"WebPage","@id":"https:\/\/qualtechsurplus.com\/fr\/termes-et-conditions-de-vente\/","url":"https:\/\/qualtechsurplus.com\/fr\/termes-et-conditions-de-vente\/","name":"Termes de vente - Qualtechsurplus","isPartOf":{"@id":"https:\/\/qualtechsurplus.com\/#website"},"datePublished":"2023-01-31T20:42:23+00:00","dateModified":"2024-02-24T23:56:14+00:00","description":"Qualtechsurplus se sp\u00e9cialise dans la vente et l'achat d'\u00e9quipements provenant de l'industrie de la transformation laiti\u00e8re.","breadcrumb":{"@id":"https:\/\/qualtechsurplus.com\/fr\/termes-et-conditions-de-vente\/#breadcrumb"},"inLanguage":"fr-CA","potentialAction":[{"@type":"ReadAction","target":["https:\/\/qualtechsurplus.com\/fr\/termes-et-conditions-de-vente\/"]}]},{"@type":"BreadcrumbList","@id":"https:\/\/qualtechsurplus.com\/fr\/termes-et-conditions-de-vente\/#breadcrumb","itemListElement":[{"@type":"ListItem","position":1,"name":"Home","item":"https:\/\/qualtechsurplus.com\/fr\/"},{"@type":"ListItem","position":2,"name":"Termes de vente"}]},{"@type":"WebSite","@id":"https:\/\/qualtechsurplus.com\/#website","url":"https:\/\/qualtechsurplus.com\/","name":"Qualtechsurplus","description":"","publisher":{"@id":"https:\/\/qualtechsurplus.com\/#organization"},"potentialAction":[{"@type":"SearchAction","target":{"@type":"EntryPoint","urlTemplate":"https:\/\/qualtechsurplus.com\/?s={search_term_string}"},"query-input":"required name=search_term_string"}],"inLanguage":"fr-CA"},{"@type":"Organization","@id":"https:\/\/qualtechsurplus.com\/#organization","name":"Qualtechsurplus","url":"https:\/\/qualtechsurplus.com\/","logo":{"@type":"ImageObject","inLanguage":"fr-CA","@id":"https:\/\/qualtechsurplus.com\/#\/schema\/logo\/image\/","url":"https:\/\/qualtechsurplus.com\/wp-content\/uploads\/2023\/09\/Logo-Qualtech-Bleu.png","contentUrl":"https:\/\/qualtechsurplus.com\/wp-content\/uploads\/2023\/09\/Logo-Qualtech-Bleu.png","width":3882,"height":1807,"caption":"Qualtechsurplus"},"image":{"@id":"https:\/\/qualtechsurplus.com\/#\/schema\/logo\/image\/"}}]}},"_links":{"self":[{"href":"https:\/\/qualtechsurplus.com\/fr\/wp-json\/wp\/v2\/pages\/176"}],"collection":[{"href":"https:\/\/qualtechsurplus.com\/fr\/wp-json\/wp\/v2\/pages"}],"about":[{"href":"https:\/\/qualtechsurplus.com\/fr\/wp-json\/wp\/v2\/types\/page"}],"author":[{"embeddable":true,"href":"https:\/\/qualtechsurplus.com\/fr\/wp-json\/wp\/v2\/users\/1"}],"replies":[{"embeddable":true,"href":"https:\/\/qualtechsurplus.com\/fr\/wp-json\/wp\/v2\/comments?post=176"}],"version-history":[{"count":8,"href":"https:\/\/qualtechsurplus.com\/fr\/wp-json\/wp\/v2\/pages\/176\/revisions"}],"predecessor-version":[{"id":3848,"href":"https:\/\/qualtechsurplus.com\/fr\/wp-json\/wp\/v2\/pages\/176\/revisions\/3848"}],"wp:attachment":[{"href":"https:\/\/qualtechsurplus.com\/fr\/wp-json\/wp\/v2\/media?parent=176"}],"curies":[{"name":"wp","href":"https:\/\/api.w.org\/{rel}","templated":true}]}}