{"id":2691,"date":"2023-09-14T12:21:56","date_gmt":"2023-09-14T12:21:56","guid":{"rendered":"https:\/\/qualtechsurplus.com\/contact\/"},"modified":"2024-03-07T18:57:59","modified_gmt":"2024-03-07T18:57:59","slug":"contact","status":"publish","type":"page","link":"https:\/\/qualtechsurplus.com\/fr\/contact\/","title":{"rendered":"Contact"},"content":{"rendered":"<section class=\"wpb-content-wrapper\"><p>[vc_row full_width=&#8221;stretch_row_content_no_spaces&#8221; css=&#8221;.vc_custom_1698089098599{padding-top: 12rem !important;padding-bottom: 8rem !important;background-image: url(https:\/\/qualtechsurplus.com\/wp-content\/uploads\/2023\/10\/bandeau-about-us.png?id=3575) !important;background-position: center !important;background-repeat: no-repeat !important;background-size: cover !important;}&#8221;][vc_column][vc_custom_heading text=&#8221;Vous avez des questions?&#8221; font_container=&#8221;tag:h1|font_size:55px|text_align:center|color:%23ffffff|line_height:66px&#8221; use_theme_fonts=&#8221;yes&#8221;][vc_column_text css=&#8221;.vc_custom_1709571055428{margin-right: 5% !important;margin-bottom: 4rem !important;margin-left: 5% !important;}&#8221;]<\/p>\n<p style=\"text-align: center;\"><span style=\"font-size: 24px; color: #ffffff;\">N&#8217;h\u00e9sitez pas \u00e0 nous contacter pour toutes vos demandes !\u00a0\u00a0<\/span><\/p>\n<p>[\/vc_column_text][\/vc_column][\/vc_row][vc_row full_width=&#8221;stretch_row_content&#8221; css=&#8221;.vc_custom_1695065539969{padding-top: 4rem !important;padding-bottom: 4rem !important;background-color: #e8e8e8 !important;}&#8221;][vc_column][vc_row_inner css=&#8221;.vc_custom_1697634813817{background-position: center !important;background-repeat: no-repeat !important;background-size: cover !important;}&#8221;][vc_column_inner width=&#8221;1\/4&#8243;][\/vc_column_inner][vc_column_inner width=&#8221;3\/4&#8243;][vc_column_text]<\/p>\n<h2>Contact Us<\/h2>\n<p>[\/vc_column_text]\n<div class=\"wpcf7 no-js\" id=\"wpcf7-f3583-o1\" lang=\"en-US\" dir=\"ltr\">\n<div class=\"screen-reader-response\"><p role=\"status\" aria-live=\"polite\" aria-atomic=\"true\"><\/p> <ul><\/ul><\/div>\n<form action=\"\/fr\/wp-json\/wp\/v2\/pages\/2691#wpcf7-f3583-o1\" method=\"post\" class=\"wpcf7-form init\" aria-label=\"Contact form\" novalidate=\"novalidate\" data-status=\"init\">\n<div style=\"display: none;\">\n<input type=\"hidden\" name=\"_wpcf7\" value=\"3583\" \/>\n<input type=\"hidden\" name=\"_wpcf7_version\" value=\"5.8.7\" \/>\n<input type=\"hidden\" name=\"_wpcf7_locale\" value=\"en_US\" \/>\n<input type=\"hidden\" name=\"_wpcf7_unit_tag\" value=\"wpcf7-f3583-o1\" \/>\n<input type=\"hidden\" name=\"_wpcf7_container_post\" value=\"0\" \/>\n<input type=\"hidden\" name=\"_wpcf7_posted_data_hash\" value=\"\" \/>\n<input type=\"hidden\" name=\"_wpcf7_recaptcha_response\" value=\"\" \/>\n<\/div>\n<div class=\"uacf7-form-3583\">\n\t<p><label>Pr\u00e9nom<br \/>\n<span class=\"wpcf7-form-control-wrap\" data-name=\"first-name\"><input size=\"40\" class=\"wpcf7-form-control wpcf7-text wpcf7-validates-as-required\" aria-required=\"true\" aria-invalid=\"false\" value=\"\" type=\"text\" name=\"first-name\" \/><\/span><\/label>\n\t<\/p>\n\t<p><label>Nom<br \/>\n<span class=\"wpcf7-form-control-wrap\" data-name=\"last-name\"><input size=\"40\" class=\"wpcf7-form-control wpcf7-text wpcf7-validates-as-required\" aria-required=\"true\" aria-invalid=\"false\" value=\"\" type=\"text\" name=\"last-name\" \/><\/span><\/label>\n\t<\/p>\n\t<p><label>Nom de la compagnie<br \/>\n<span class=\"wpcf7-form-control-wrap\" data-name=\"company-name\"><input size=\"40\" class=\"wpcf7-form-control wpcf7-text wpcf7-validates-as-required\" aria-required=\"true\" aria-invalid=\"false\" value=\"\" type=\"text\" name=\"company-name\" \/><\/span><\/label>\n\t<\/p>\n\t<p><label>Courriel<br \/>\n<span class=\"wpcf7-form-control-wrap\" data-name=\"email\"><input size=\"40\" class=\"wpcf7-form-control wpcf7-email wpcf7-validates-as-required wpcf7-text wpcf7-validates-as-email\" aria-required=\"true\" aria-invalid=\"false\" value=\"\" type=\"email\" name=\"email\" \/><\/span><\/label>\n\t<\/p>\n\t<p><label>Num\u00e9ro de t\u00e9l\u00e9phone<br \/>\n<span class=\"wpcf7-form-control-wrap\" data-name=\"phone\"><input size=\"40\" class=\"wpcf7-form-control wpcf7-text\" aria-invalid=\"false\" value=\"\" type=\"text\" name=\"phone\" \/><\/span><\/label>\n\t<\/p>\n\t<p><label>Comment pr\u00e9f\u00e9rez vous \u00eatre contact\u00e9?<br \/>\n<span class=\"wpcf7-form-control-wrap\" data-name=\"contact\"><select class=\"wpcf7-form-control wpcf7-select wpcf7-validates-as-required\" aria-required=\"true\" aria-invalid=\"false\" name=\"contact\"><option value=\"par t\u00e9l\u00e9phone\">par t\u00e9l\u00e9phone<\/option><option value=\"by courriel\">by courriel<\/option><\/select><\/span><\/label>\n\t<\/p>\n\t<p><label>Message<br \/>\n<span class=\"wpcf7-form-control-wrap\" data-name=\"message\"><textarea cols=\"40\" rows=\"10\" class=\"wpcf7-form-control wpcf7-textarea wpcf7-validates-as-required\" aria-required=\"true\" aria-invalid=\"false\" name=\"message\"><\/textarea><\/span><\/label>\n\t<\/p>\n\t<p><input class=\"wpcf7-form-control wpcf7-submit has-spinner\" type=\"submit\" value=\"Envoyer\" \/>\n\t<\/p>\n<\/div><div class=\"wpcf7-response-output\" aria-hidden=\"true\"><\/div>\n<\/form>\n<\/div>\n[\/vc_column_inner][\/vc_row_inner][\/vc_column][\/vc_row][vc_row css=&#8221;.vc_custom_1696256038196{margin-top: 4rem !important;margin-bottom: 4rem !important;}&#8221;][vc_column width=&#8221;1\/2&#8243;][vc_single_image image=&#8221;3347&#8243; img_size=&#8221;full&#8221; alignment=&#8221;right&#8221;][\/vc_column][vc_column width=&#8221;1\/2&#8243;][vc_column_text css=&#8221;.vc_custom_1696606119016{margin-bottom: 0px !important;border-bottom-width: 0px !important;padding-bottom: 0px !important;}&#8221;]<\/p>\n<h2 class=\"qrShPb pXs6bb PZPZlf q8U8x aTI8gc EaHP9c\" style=\"text-align: left;\" data-dtype=\"d3ifr\" data-local-attribute=\"d3bn\" data-attrid=\"title\" data-ved=\"2ahUKEwjClvagwNeBAxVhjIkEHU80Da4Q3B0oAHoECFIQAQ\">Qualtech Solutions Inc.<\/h2>\n<p>[\/vc_column_text][vc_column_text]<\/p>\n<p style=\"text-align: left;\">1880 Rue L\u00e9on-Harmel, Qu\u00e9bec, QC G1N 4K3<\/p>\n<p>[\/vc_column_text][vc_column_text]<\/p>\n<p style=\"text-align: left;\">Tel: <a href=\"tel:4186863802\">(418) 686-3802<\/a><\/p>\n<p><a href=\"https:\/\/www.facebook.com\/Qualtechequipment\"><img decoding=\"async\" src=\"\/wp-content\/uploads\/2024\/02\/facebook-2.svg\" alt=\"logo facebook\" width=\"25\" height=\"25\" \/><\/a> \u00a0 \u00a0 <a href=\"https:\/\/www.youtube.com\/@qualtech4831\"><img decoding=\"async\" src=\"\/wp-content\/uploads\/2024\/02\/youtube-2.svg\" width=\"25\" height=\"25\" \/><\/a>\u00a0 \u00a0 \u00a0<a href=\"https:\/\/www.linkedin.com\/company\/qualtech-group\/\"><img decoding=\"async\" src=\"\/wp-content\/uploads\/2024\/02\/icons8-linkedin.svg\" alt=\"logo linkedin\" width=\"25\" height=\"25\" \/><\/a>[\/vc_column_text][vc_column_text]<\/p>\n<p style=\"text-align: left;\">Heures d&#8217;ouverture:<\/p>\n<p style=\"text-align: left;\">Lundi au vendredi de 8:00 a.m. \u00e0\u00a0 5:00 p.m.<\/p>\n<p>[\/vc_column_text]<div ><a class=\"seese-btn btn-secondary vc_custom_1709571855158 seese-btn-69d92a7cb3f11 \" href=\"https:\/\/qualtech.ca\/https-workforcenow-adp-com-mascsr-default-mdf-recruitment-recruitment-htmlcid2d98d4ea-e664-4bec-9d27-34d79c74b877ccid19000101_000001typejslangfr_ca\/\" target=\"_blank\"><span class=\"btn-text\">Carri\u00e8re<\/span><\/a><\/div>[\/vc_column][\/vc_row]<\/p>\n<\/section>","protected":false},"excerpt":{"rendered":"<p>[vc_row full_width=&#8221;stretch_row_content_no_spaces&#8221; css=&#8221;.vc_custom_1698089098599{padding-top: 12rem !important;padding-bottom: 8rem !important;background-image: url(https:\/\/qualtechsurplus.com\/wp-content\/uploads\/2023\/10\/bandeau-about-us.png?id=3575) !important;background-position: center !important;background-repeat: no-repeat !important;background-size: cover !important;}&#8221;][vc_column][vc_custom_heading text=&#8221;Vous avez des questions?&#8221; font_container=&#8221;tag:h1|font_size:55px|text_align:center|color:%23ffffff|line_height:66px&#8221; use_theme_fonts=&#8221;yes&#8221;][vc_column_text css=&#8221;.vc_custom_1709571055428{margin-right: 5% !important;margin-bottom: 4rem !important;margin-left: 5% !important;}&#8221;]<\/p>\n<p style=\"text-align: center;\">N&#8217;h\u00e9sitez pas \u00e0 nous contacter pour toutes vos demandes !\u00a0\u00a0<\/p>\n<p>[\/vc_column_text][\/vc_column][\/vc_row][vc_row full_width=&#8221;stretch_row_content&#8221; css=&#8221;.vc_custom_1695065539969{padding-top: 4rem !important;padding-bottom: 4rem !important;background-color: #e8e8e8 !important;}&#8221;][vc_column][vc_row_inner css=&#8221;.vc_custom_1697634813817{background-position: center !important;background-repeat: no-repeat !important;background-size: cover !important;}&#8221;][vc_column_inner width=&#8221;1\/4&#8243;][\/vc_column_inner][vc_column_inner width=&#8221;3\/4&#8243;][vc_column_text]<\/p>\n<p>Contact Us<\/p>\n<p>[\/vc_column_text]<\/p>\n<p role=\"status\" aria-live=\"polite\" aria-atomic=\"true\">\n<p>Pr\u00e9nom<\/p>\n<p>Nom<\/p>\n<p>Nom de la compagnie<\/p>\n<p>Courriel<\/p>\n<p>Num\u00e9ro de t\u00e9l\u00e9phone<\/p>\n<p>Comment pr\u00e9f\u00e9rez vous \u00eatre contact\u00e9?<br \/>\npar t\u00e9l\u00e9phoneby courriel\n\t<\/p>\n<p>Message<\/p>\n<\/p>\n<p>[\/vc_column_inner][\/vc_row_inner][\/vc_column][\/vc_row][vc_row css=&#8221;.vc_custom_1696256038196{margin-top: 4rem !important;margin-bottom: 4rem !important;}&#8221;][vc_column width=&#8221;1\/2&#8243;][vc_single_image image=&#8221;3347&#8243; img_size=&#8221;full&#8221; alignment=&#8221;right&#8221;][\/vc_column][vc_column width=&#8221;1\/2&#8243;][vc_column_text css=&#8221;.vc_custom_1696606119016{margin-bottom: 0px !important;border-bottom-width: 0px !important;padding-bottom: 0px !important;}&#8221;]<\/p>\n<p>Qualtech Solutions Inc.<\/p>\n<p>[\/vc_column_text][vc_column_text]<\/p>\n<p style=\"text-align: left;\">1880 Rue L\u00e9on-Harmel, Qu\u00e9bec, QC G1N 4K3<\/p>\n<p>[\/vc_column_text][vc_column_text]<\/p>\n<p style=\"text-align: left;\">Tel: (418) 686-3802<\/p>\n<p> \u00a0 \u00a0 \u00a0 \u00a0 \u00a0[\/vc_column_text][vc_column_text]<\/p>\n<p style=\"text-align: left;\">Heures d&#8217;ouverture:<\/p>\n<p style=\"text-align: left;\">Lundi au vendredi de 8:00 a.m. \u00e0\u00a0 5:00 p.m.<\/p>\n<p>[\/vc_column_text]Carri\u00e8re[\/vc_column][\/vc_row]<\/p>\n","protected":false},"author":1,"featured_media":0,"parent":0,"menu_order":0,"comment_status":"closed","ping_status":"closed","template":"","meta":{"inline_featured_image":false,"footnotes":""},"yoast_head":"<!-- This site is optimized with the Yoast SEO plugin v22.1 - https:\/\/yoast.com\/wordpress\/plugins\/seo\/ -->\n<title>Contactez-nous - Qualtechsurplus<\/title>\n<meta name=\"description\" content=\"Qualtechsurplus se sp\u00e9cialise dans la vente et l&#039;achat d&#039;\u00e9quipements provenant de l&#039;industrie de la transformation laiti\u00e8re.\" \/>\n<meta name=\"robots\" content=\"index, follow, max-snippet:-1, max-image-preview:large, max-video-preview:-1\" \/>\n<link rel=\"canonical\" href=\"https:\/\/qualtechsurplus.com\/fr\/contact\/\" \/>\n<meta property=\"og:locale\" content=\"fr_CA\" \/>\n<meta property=\"og:type\" content=\"article\" \/>\n<meta property=\"og:title\" content=\"Contactez-nous - Qualtechsurplus\" \/>\n<meta property=\"og:description\" content=\"Qualtechsurplus se sp\u00e9cialise dans la vente et l&#039;achat d&#039;\u00e9quipements provenant de l&#039;industrie de la transformation laiti\u00e8re.\" \/>\n<meta property=\"og:url\" content=\"https:\/\/qualtechsurplus.com\/fr\/contact\/\" \/>\n<meta property=\"og:site_name\" content=\"Qualtechsurplus\" \/>\n<meta property=\"article:modified_time\" content=\"2024-03-07T18:57:59+00:00\" \/>\n<meta property=\"og:image\" content=\"https:\/\/qualtechsurplus.com\/wp-content\/uploads\/2023\/09\/Logo-Qualtech-Bleu.png\" \/>\n\t<meta property=\"og:image:width\" content=\"3882\" \/>\n\t<meta property=\"og:image:height\" content=\"1807\" \/>\n\t<meta property=\"og:image:type\" content=\"image\/png\" \/>\n<meta name=\"twitter:card\" content=\"summary_large_image\" \/>\n<meta name=\"twitter:label1\" content=\"Estimation du temps de lecture\" \/>\n\t<meta name=\"twitter:data1\" content=\"2 minutes\" \/>\n<script type=\"application\/ld+json\" class=\"yoast-schema-graph\">{\"@context\":\"https:\/\/schema.org\",\"@graph\":[{\"@type\":\"WebPage\",\"@id\":\"https:\/\/qualtechsurplus.com\/fr\/contact\/\",\"url\":\"https:\/\/qualtechsurplus.com\/fr\/contact\/\",\"name\":\"Contactez-nous - Qualtechsurplus\",\"isPartOf\":{\"@id\":\"https:\/\/qualtechsurplus.com\/#website\"},\"datePublished\":\"2023-09-14T12:21:56+00:00\",\"dateModified\":\"2024-03-07T18:57:59+00:00\",\"description\":\"Qualtechsurplus se sp\u00e9cialise dans la vente et l'achat d'\u00e9quipements provenant de l'industrie de la transformation laiti\u00e8re.\",\"breadcrumb\":{\"@id\":\"https:\/\/qualtechsurplus.com\/fr\/contact\/#breadcrumb\"},\"inLanguage\":\"fr-CA\",\"potentialAction\":[{\"@type\":\"ReadAction\",\"target\":[\"https:\/\/qualtechsurplus.com\/fr\/contact\/\"]}]},{\"@type\":\"BreadcrumbList\",\"@id\":\"https:\/\/qualtechsurplus.com\/fr\/contact\/#breadcrumb\",\"itemListElement\":[{\"@type\":\"ListItem\",\"position\":1,\"name\":\"Home\",\"item\":\"https:\/\/qualtechsurplus.com\/fr\/\"},{\"@type\":\"ListItem\",\"position\":2,\"name\":\"Contact\"}]},{\"@type\":\"WebSite\",\"@id\":\"https:\/\/qualtechsurplus.com\/#website\",\"url\":\"https:\/\/qualtechsurplus.com\/\",\"name\":\"Qualtechsurplus\",\"description\":\"\",\"publisher\":{\"@id\":\"https:\/\/qualtechsurplus.com\/#organization\"},\"potentialAction\":[{\"@type\":\"SearchAction\",\"target\":{\"@type\":\"EntryPoint\",\"urlTemplate\":\"https:\/\/qualtechsurplus.com\/?s={search_term_string}\"},\"query-input\":\"required name=search_term_string\"}],\"inLanguage\":\"fr-CA\"},{\"@type\":\"Organization\",\"@id\":\"https:\/\/qualtechsurplus.com\/#organization\",\"name\":\"Qualtechsurplus\",\"url\":\"https:\/\/qualtechsurplus.com\/\",\"logo\":{\"@type\":\"ImageObject\",\"inLanguage\":\"fr-CA\",\"@id\":\"https:\/\/qualtechsurplus.com\/#\/schema\/logo\/image\/\",\"url\":\"https:\/\/qualtechsurplus.com\/wp-content\/uploads\/2023\/09\/Logo-Qualtech-Bleu.png\",\"contentUrl\":\"https:\/\/qualtechsurplus.com\/wp-content\/uploads\/2023\/09\/Logo-Qualtech-Bleu.png\",\"width\":3882,\"height\":1807,\"caption\":\"Qualtechsurplus\"},\"image\":{\"@id\":\"https:\/\/qualtechsurplus.com\/#\/schema\/logo\/image\/\"}}]}<\/script>\n<!-- \/ Yoast SEO plugin. -->","yoast_head_json":{"title":"Contactez-nous - Qualtechsurplus","description":"Qualtechsurplus se sp\u00e9cialise dans la vente et l'achat d'\u00e9quipements provenant de l'industrie de la transformation laiti\u00e8re.","robots":{"index":"index","follow":"follow","max-snippet":"max-snippet:-1","max-image-preview":"max-image-preview:large","max-video-preview":"max-video-preview:-1"},"canonical":"https:\/\/qualtechsurplus.com\/fr\/contact\/","og_locale":"fr_CA","og_type":"article","og_title":"Contactez-nous - Qualtechsurplus","og_description":"Qualtechsurplus se sp\u00e9cialise dans la vente et l'achat d'\u00e9quipements provenant de l'industrie de la transformation laiti\u00e8re.","og_url":"https:\/\/qualtechsurplus.com\/fr\/contact\/","og_site_name":"Qualtechsurplus","article_modified_time":"2024-03-07T18:57:59+00:00","og_image":[{"width":3882,"height":1807,"url":"https:\/\/qualtechsurplus.com\/wp-content\/uploads\/2023\/09\/Logo-Qualtech-Bleu.png","type":"image\/png"}],"twitter_card":"summary_large_image","twitter_misc":{"Estimation du temps de lecture":"2 minutes"},"schema":{"@context":"https:\/\/schema.org","@graph":[{"@type":"WebPage","@id":"https:\/\/qualtechsurplus.com\/fr\/contact\/","url":"https:\/\/qualtechsurplus.com\/fr\/contact\/","name":"Contactez-nous - Qualtechsurplus","isPartOf":{"@id":"https:\/\/qualtechsurplus.com\/#website"},"datePublished":"2023-09-14T12:21:56+00:00","dateModified":"2024-03-07T18:57:59+00:00","description":"Qualtechsurplus se sp\u00e9cialise dans la vente et l'achat d'\u00e9quipements provenant de l'industrie de la transformation laiti\u00e8re.","breadcrumb":{"@id":"https:\/\/qualtechsurplus.com\/fr\/contact\/#breadcrumb"},"inLanguage":"fr-CA","potentialAction":[{"@type":"ReadAction","target":["https:\/\/qualtechsurplus.com\/fr\/contact\/"]}]},{"@type":"BreadcrumbList","@id":"https:\/\/qualtechsurplus.com\/fr\/contact\/#breadcrumb","itemListElement":[{"@type":"ListItem","position":1,"name":"Home","item":"https:\/\/qualtechsurplus.com\/fr\/"},{"@type":"ListItem","position":2,"name":"Contact"}]},{"@type":"WebSite","@id":"https:\/\/qualtechsurplus.com\/#website","url":"https:\/\/qualtechsurplus.com\/","name":"Qualtechsurplus","description":"","publisher":{"@id":"https:\/\/qualtechsurplus.com\/#organization"},"potentialAction":[{"@type":"SearchAction","target":{"@type":"EntryPoint","urlTemplate":"https:\/\/qualtechsurplus.com\/?s={search_term_string}"},"query-input":"required name=search_term_string"}],"inLanguage":"fr-CA"},{"@type":"Organization","@id":"https:\/\/qualtechsurplus.com\/#organization","name":"Qualtechsurplus","url":"https:\/\/qualtechsurplus.com\/","logo":{"@type":"ImageObject","inLanguage":"fr-CA","@id":"https:\/\/qualtechsurplus.com\/#\/schema\/logo\/image\/","url":"https:\/\/qualtechsurplus.com\/wp-content\/uploads\/2023\/09\/Logo-Qualtech-Bleu.png","contentUrl":"https:\/\/qualtechsurplus.com\/wp-content\/uploads\/2023\/09\/Logo-Qualtech-Bleu.png","width":3882,"height":1807,"caption":"Qualtechsurplus"},"image":{"@id":"https:\/\/qualtechsurplus.com\/#\/schema\/logo\/image\/"}}]}},"_links":{"self":[{"href":"https:\/\/qualtechsurplus.com\/fr\/wp-json\/wp\/v2\/pages\/2691"}],"collection":[{"href":"https:\/\/qualtechsurplus.com\/fr\/wp-json\/wp\/v2\/pages"}],"about":[{"href":"https:\/\/qualtechsurplus.com\/fr\/wp-json\/wp\/v2\/types\/page"}],"author":[{"embeddable":true,"href":"https:\/\/qualtechsurplus.com\/fr\/wp-json\/wp\/v2\/users\/1"}],"replies":[{"embeddable":true,"href":"https:\/\/qualtechsurplus.com\/fr\/wp-json\/wp\/v2\/comments?post=2691"}],"version-history":[{"count":60,"href":"https:\/\/qualtechsurplus.com\/fr\/wp-json\/wp\/v2\/pages\/2691\/revisions"}],"predecessor-version":[{"id":3873,"href":"https:\/\/qualtechsurplus.com\/fr\/wp-json\/wp\/v2\/pages\/2691\/revisions\/3873"}],"wp:attachment":[{"href":"https:\/\/qualtechsurplus.com\/fr\/wp-json\/wp\/v2\/media?parent=2691"}],"curies":[{"name":"wp","href":"https:\/\/api.w.org\/{rel}","templated":true}]}}