{"id":3147,"date":"2023-09-18T19:37:01","date_gmt":"2023-09-18T19:37:01","guid":{"rendered":"https:\/\/qualtechsurplus.com\/contact\/merci\/"},"modified":"2024-02-28T18:53:09","modified_gmt":"2024-02-28T18:53:09","slug":"merci","status":"publish","type":"page","link":"https:\/\/qualtechsurplus.com\/fr\/merci\/","title":{"rendered":"Merci"},"content":{"rendered":"<section class=\"wpb-content-wrapper\"><p>[vc_row][vc_column][vc_column_text]<\/p>\n<p style=\"text-align: center;\">Nous vous remercions de l&#8217;int\u00e9r\u00eat que vous portez \u00e0 Qualtechsurplus. Nous vous contacterons dans les plus brefs d\u00e9lais.<\/p>\n<p>[\/vc_column_text][\/vc_column][\/vc_row][vc_row][vc_column]<div style=\"text-align:center;\"><a class=\"seese-btn btn-secondary seese-btn-69f2bfa380eda btn-hover-one \" href=\"https:\/\/qualtechsurplus.com\/fr\/\"><span class=\"btn-text\">Retour \u00e0 la page d'accueil<\/span><\/a><\/div>[\/vc_column][\/vc_row]<\/p>\n<\/section>","protected":false},"excerpt":{"rendered":"<p>[vc_row][vc_column][vc_column_text]<\/p>\n<p style=\"text-align: center;\">Nous vous remercions de l&#8217;int\u00e9r\u00eat que vous portez \u00e0 Qualtechsurplus. Nous vous contacterons dans les plus brefs d\u00e9lais.<\/p>\n<p>[\/vc_column_text][\/vc_column][\/vc_row][vc_row][vc_column]Retour \u00e0 la page d&#8217;accueil[\/vc_column][\/vc_row]<\/p>\n","protected":false},"author":1,"featured_media":0,"parent":0,"menu_order":0,"comment_status":"closed","ping_status":"closed","template":"","meta":{"inline_featured_image":false,"footnotes":""},"yoast_head":"<!-- This site is optimized with the Yoast SEO plugin v22.1 - https:\/\/yoast.com\/wordpress\/plugins\/seo\/ -->\n<title>Merci - Qualtechsurplus<\/title>\n<meta name=\"description\" content=\"Qualtechsurplus se sp\u00e9cialise dans la vente et l&#039;achat d&#039;\u00e9quipements provenant de l&#039;industrie de la transformation laiti\u00e8re.\" \/>\n<meta name=\"robots\" content=\"index, follow, max-snippet:-1, max-image-preview:large, max-video-preview:-1\" \/>\n<link rel=\"canonical\" href=\"https:\/\/qualtechsurplus.com\/fr\/merci\/\" \/>\n<meta property=\"og:locale\" content=\"fr_CA\" \/>\n<meta property=\"og:type\" content=\"article\" \/>\n<meta property=\"og:title\" content=\"Merci - Qualtechsurplus\" \/>\n<meta property=\"og:description\" content=\"Qualtechsurplus se sp\u00e9cialise dans la vente et l&#039;achat d&#039;\u00e9quipements provenant de l&#039;industrie de la transformation laiti\u00e8re.\" \/>\n<meta property=\"og:url\" content=\"https:\/\/qualtechsurplus.com\/fr\/merci\/\" \/>\n<meta property=\"og:site_name\" content=\"Qualtechsurplus\" \/>\n<meta property=\"article:modified_time\" content=\"2024-02-28T18:53:09+00:00\" \/>\n<meta property=\"og:image\" content=\"https:\/\/qualtechsurplus.com\/wp-content\/uploads\/2023\/09\/Logo-Qualtech-Bleu.png\" \/>\n\t<meta property=\"og:image:width\" content=\"3882\" \/>\n\t<meta property=\"og:image:height\" content=\"1807\" \/>\n\t<meta property=\"og:image:type\" content=\"image\/png\" \/>\n<meta name=\"twitter:card\" content=\"summary_large_image\" \/>\n<meta name=\"twitter:label1\" content=\"Estimation du temps de lecture\" \/>\n\t<meta name=\"twitter:data1\" content=\"1 minute\" \/>\n<script type=\"application\/ld+json\" class=\"yoast-schema-graph\">{\"@context\":\"https:\/\/schema.org\",\"@graph\":[{\"@type\":\"WebPage\",\"@id\":\"https:\/\/qualtechsurplus.com\/fr\/merci\/\",\"url\":\"https:\/\/qualtechsurplus.com\/fr\/merci\/\",\"name\":\"Merci - Qualtechsurplus\",\"isPartOf\":{\"@id\":\"https:\/\/qualtechsurplus.com\/#website\"},\"datePublished\":\"2023-09-18T19:37:01+00:00\",\"dateModified\":\"2024-02-28T18:53:09+00:00\",\"description\":\"Qualtechsurplus se sp\u00e9cialise dans la vente et l'achat d'\u00e9quipements provenant de l'industrie de la transformation laiti\u00e8re.\",\"breadcrumb\":{\"@id\":\"https:\/\/qualtechsurplus.com\/fr\/merci\/#breadcrumb\"},\"inLanguage\":\"fr-CA\",\"potentialAction\":[{\"@type\":\"ReadAction\",\"target\":[\"https:\/\/qualtechsurplus.com\/fr\/merci\/\"]}]},{\"@type\":\"BreadcrumbList\",\"@id\":\"https:\/\/qualtechsurplus.com\/fr\/merci\/#breadcrumb\",\"itemListElement\":[{\"@type\":\"ListItem\",\"position\":1,\"name\":\"Home\",\"item\":\"https:\/\/qualtechsurplus.com\/fr\/\"},{\"@type\":\"ListItem\",\"position\":2,\"name\":\"Merci\"}]},{\"@type\":\"WebSite\",\"@id\":\"https:\/\/qualtechsurplus.com\/#website\",\"url\":\"https:\/\/qualtechsurplus.com\/\",\"name\":\"Qualtechsurplus\",\"description\":\"\",\"publisher\":{\"@id\":\"https:\/\/qualtechsurplus.com\/#organization\"},\"potentialAction\":[{\"@type\":\"SearchAction\",\"target\":{\"@type\":\"EntryPoint\",\"urlTemplate\":\"https:\/\/qualtechsurplus.com\/?s={search_term_string}\"},\"query-input\":\"required name=search_term_string\"}],\"inLanguage\":\"fr-CA\"},{\"@type\":\"Organization\",\"@id\":\"https:\/\/qualtechsurplus.com\/#organization\",\"name\":\"Qualtechsurplus\",\"url\":\"https:\/\/qualtechsurplus.com\/\",\"logo\":{\"@type\":\"ImageObject\",\"inLanguage\":\"fr-CA\",\"@id\":\"https:\/\/qualtechsurplus.com\/#\/schema\/logo\/image\/\",\"url\":\"https:\/\/qualtechsurplus.com\/wp-content\/uploads\/2023\/09\/Logo-Qualtech-Bleu.png\",\"contentUrl\":\"https:\/\/qualtechsurplus.com\/wp-content\/uploads\/2023\/09\/Logo-Qualtech-Bleu.png\",\"width\":3882,\"height\":1807,\"caption\":\"Qualtechsurplus\"},\"image\":{\"@id\":\"https:\/\/qualtechsurplus.com\/#\/schema\/logo\/image\/\"}}]}<\/script>\n<!-- \/ Yoast SEO plugin. -->","yoast_head_json":{"title":"Merci - Qualtechsurplus","description":"Qualtechsurplus se sp\u00e9cialise dans la vente et l'achat d'\u00e9quipements provenant de l'industrie de la transformation laiti\u00e8re.","robots":{"index":"index","follow":"follow","max-snippet":"max-snippet:-1","max-image-preview":"max-image-preview:large","max-video-preview":"max-video-preview:-1"},"canonical":"https:\/\/qualtechsurplus.com\/fr\/merci\/","og_locale":"fr_CA","og_type":"article","og_title":"Merci - Qualtechsurplus","og_description":"Qualtechsurplus se sp\u00e9cialise dans la vente et l'achat d'\u00e9quipements provenant de l'industrie de la transformation laiti\u00e8re.","og_url":"https:\/\/qualtechsurplus.com\/fr\/merci\/","og_site_name":"Qualtechsurplus","article_modified_time":"2024-02-28T18:53:09+00:00","og_image":[{"width":3882,"height":1807,"url":"https:\/\/qualtechsurplus.com\/wp-content\/uploads\/2023\/09\/Logo-Qualtech-Bleu.png","type":"image\/png"}],"twitter_card":"summary_large_image","twitter_misc":{"Estimation du temps de lecture":"1 minute"},"schema":{"@context":"https:\/\/schema.org","@graph":[{"@type":"WebPage","@id":"https:\/\/qualtechsurplus.com\/fr\/merci\/","url":"https:\/\/qualtechsurplus.com\/fr\/merci\/","name":"Merci - Qualtechsurplus","isPartOf":{"@id":"https:\/\/qualtechsurplus.com\/#website"},"datePublished":"2023-09-18T19:37:01+00:00","dateModified":"2024-02-28T18:53:09+00:00","description":"Qualtechsurplus se sp\u00e9cialise dans la vente et l'achat d'\u00e9quipements provenant de l'industrie de la transformation laiti\u00e8re.","breadcrumb":{"@id":"https:\/\/qualtechsurplus.com\/fr\/merci\/#breadcrumb"},"inLanguage":"fr-CA","potentialAction":[{"@type":"ReadAction","target":["https:\/\/qualtechsurplus.com\/fr\/merci\/"]}]},{"@type":"BreadcrumbList","@id":"https:\/\/qualtechsurplus.com\/fr\/merci\/#breadcrumb","itemListElement":[{"@type":"ListItem","position":1,"name":"Home","item":"https:\/\/qualtechsurplus.com\/fr\/"},{"@type":"ListItem","position":2,"name":"Merci"}]},{"@type":"WebSite","@id":"https:\/\/qualtechsurplus.com\/#website","url":"https:\/\/qualtechsurplus.com\/","name":"Qualtechsurplus","description":"","publisher":{"@id":"https:\/\/qualtechsurplus.com\/#organization"},"potentialAction":[{"@type":"SearchAction","target":{"@type":"EntryPoint","urlTemplate":"https:\/\/qualtechsurplus.com\/?s={search_term_string}"},"query-input":"required name=search_term_string"}],"inLanguage":"fr-CA"},{"@type":"Organization","@id":"https:\/\/qualtechsurplus.com\/#organization","name":"Qualtechsurplus","url":"https:\/\/qualtechsurplus.com\/","logo":{"@type":"ImageObject","inLanguage":"fr-CA","@id":"https:\/\/qualtechsurplus.com\/#\/schema\/logo\/image\/","url":"https:\/\/qualtechsurplus.com\/wp-content\/uploads\/2023\/09\/Logo-Qualtech-Bleu.png","contentUrl":"https:\/\/qualtechsurplus.com\/wp-content\/uploads\/2023\/09\/Logo-Qualtech-Bleu.png","width":3882,"height":1807,"caption":"Qualtechsurplus"},"image":{"@id":"https:\/\/qualtechsurplus.com\/#\/schema\/logo\/image\/"}}]}},"_links":{"self":[{"href":"https:\/\/qualtechsurplus.com\/fr\/wp-json\/wp\/v2\/pages\/3147"}],"collection":[{"href":"https:\/\/qualtechsurplus.com\/fr\/wp-json\/wp\/v2\/pages"}],"about":[{"href":"https:\/\/qualtechsurplus.com\/fr\/wp-json\/wp\/v2\/types\/page"}],"author":[{"embeddable":true,"href":"https:\/\/qualtechsurplus.com\/fr\/wp-json\/wp\/v2\/users\/1"}],"replies":[{"embeddable":true,"href":"https:\/\/qualtechsurplus.com\/fr\/wp-json\/wp\/v2\/comments?post=3147"}],"version-history":[{"count":6,"href":"https:\/\/qualtechsurplus.com\/fr\/wp-json\/wp\/v2\/pages\/3147\/revisions"}],"predecessor-version":[{"id":3861,"href":"https:\/\/qualtechsurplus.com\/fr\/wp-json\/wp\/v2\/pages\/3147\/revisions\/3861"}],"wp:attachment":[{"href":"https:\/\/qualtechsurplus.com\/fr\/wp-json\/wp\/v2\/media?parent=3147"}],"curies":[{"name":"wp","href":"https:\/\/api.w.org\/{rel}","templated":true}]}}