{"id":3639,"date":"2023-10-27T20:26:25","date_gmt":"2023-10-27T20:26:25","guid":{"rendered":"https:\/\/qualtechsurplus.com\/cookie-policy\/"},"modified":"2024-02-19T21:19:43","modified_gmt":"2024-02-19T21:19:43","slug":"politique-de-cookies","status":"publish","type":"page","link":"https:\/\/qualtechsurplus.com\/fr\/politique-de-cookies\/","title":{"rendered":"Politique de cookies"},"content":{"rendered":"<style><span data-mce-type=\"bookmark\" style=\"display: inline-block; width: 0px; overflow: hidden; line-height: 0;\" class=\"mce_SELRES_start\">\ufeff<\/span><span data-mce-type=\"bookmark\" style=\"display: inline-block; width: 0px; overflow: hidden; line-height: 0;\" class=\"mce_SELRES_start\">\ufeff<\/span><br \/>    a.cky-banner-element {<br \/>        padding: 8px 30px;<br \/>        background: #F8F9FA;<br \/>        color: #858A8F;<br \/>        border: 1px solid #DEE2E6;<br \/>        box-sizing: border-box;<br \/>        border-radius: 2px;<br \/>        cursor: pointer;<br \/>}<br \/><\/style>\n<p>Date de mise en vigueur: 27-Oct-2023<br \/>\nDerni\u00e8re mise \u00e0 jour: 27-Oct-2023<\/p>\n<p>&nbsp;<\/p>\n<h5>Que sont les cookies ?<\/h5>\n<div class=\"cookie-policy-p\">\n<p>La pr\u00e9sente politique en mati\u00e8re de cookies explique ce que sont les cookies et comment nous les utilisons, les types de cookies que nous utilisons, c\u2019est-\u00e0-dire les informations que nous recueillons \u00e0 l\u2019aide des cookies et la mani\u00e8re dont ces informations sont utilis\u00e9es, ainsi que la mani\u00e8re de g\u00e9rer les param\u00e8tres des cookies.<\/p>\n<p>Les cookies sont de petits fichiers texte utilis\u00e9s pour stocker de petits \u00e9l\u00e9ments d\u2019information. Ils sont stock\u00e9s sur votre appareil lorsque le site web est charg\u00e9 sur votre navigateur. Ces cookies nous aident \u00e0 faire fonctionner le site web correctement, \u00e0 le rendre plus s\u00fbr, \u00e0 offrir une meilleure exp\u00e9rience \u00e0 l\u2019utilisateur, \u00e0 comprendre comment le site web fonctionne et \u00e0 analyser ce qui fonctionne et ce qui doit \u00eatre am\u00e9lior\u00e9.<\/p>\n<\/div>\n<p>&nbsp;<\/p>\n<h5>Comment utilisons-nous les cookies ?<\/h5>\n<div class=\"cookie-policy-p\">\n<p>Comme la plupart des services en ligne, notre site web utilise des cookies de premi\u00e8re partie et de tierce partie \u00e0 plusieurs fins. Les cookies de premi\u00e8re partie sont essentiellement n\u00e9cessaires au bon fonctionnement du site web et ne collectent aucune de vos donn\u00e9es personnelles identifiables.<\/p>\n<p>Les cookies tiers utilis\u00e9s sur notre site web servent principalement \u00e0 comprendre comment le site web fonctionne, comment vous interagissez avec notre site web, \u00e0 assurer la s\u00e9curit\u00e9 de nos services, \u00e0 fournir des publicit\u00e9s pertinentes pour vous et, dans l\u2019ensemble, \u00e0 vous offrir une exp\u00e9rience utilisateur meilleure et am\u00e9lior\u00e9e et \u00e0 acc\u00e9l\u00e9rer vos interactions futures avec notre site web.<\/p>\n<\/div>\n<p>&nbsp;<\/p>\n<div class=\"cky-audit-table-element\"><\/div>\n<p>&nbsp;<\/p>\n<h5>Gestion es pr\u00e9f\u00e9rences de cookie<\/h5>\n<p><a class=\"cky-banner-element\">Pr\u00e9f\u00e9rences de cookies<\/a><\/p>\n<div>\n<p>Vous pouvez modifier vos pr\u00e9f\u00e9rences en mati\u00e8re de cookies \u00e0 tout moment en cliquant sur le bouton ci-dessus. Cela vous permettra de revenir \u00e0 la banni\u00e8re de consentement aux cookies et de modifier vos pr\u00e9f\u00e9rences ou de retirer votre consentement imm\u00e9diatement.<\/p>\n<p>En outre, les navigateurs proposent des m\u00e9thodes diff\u00e9rentes pour bloquer et supprimer les cookies utilis\u00e9s par les sites web. Vous pouvez modifier les param\u00e8tres de votre navigateur pour bloquer\/supprimer les cookies. Vous trouverez ci-dessous les liens vers les documents d\u2019assistance relatifs \u00e0 la gestion et \u00e0 la suppression des cookies des principaux navigateurs web.<\/p>\n<p>Chrome: <a href=\"https:\/\/support.google.com\/accounts\/answer\/32050\" target=\"_blank\" rel=\"noopener\">https:\/\/support.google.com\/accounts\/answer\/32050<\/a><\/p>\n<p>Safari: <a href=\"https:\/\/support.apple.com\/en-in\/guide\/safari\/sfri11471\/mac\" target=\"_blank\" rel=\"noopener\">https:\/\/support.apple.com\/en-in\/guide\/safari\/sfri11471\/mac<\/a><\/p>\n<p>Firefox: <a href=\"https:\/\/support.mozilla.org\/en-US\/kb\/clear-cookies-and-site-data-firefox?redirectslug=delete-cookies-remove-info-websites-stored&amp;redirectlocale=en-US\" target=\"_blank\" rel=\"noopener\">https:\/\/support.mozilla.org\/en-US\/kb\/clear-cookies-and-site-data-firefox?redirectslug=delete-cookies-remove-info-websites-stored&amp;redirectlocale=en-US<\/a><\/p>\n<p>Internet Explorer: <a href=\"https:\/\/support.microsoft.com\/en-us\/topic\/how-to-delete-cookie-files-in-internet-explorer-bca9446f-d873-78de-77ba-d42645fa52fc\" target=\"_blank\" rel=\"noopener\">https:\/\/support.microsoft.com\/en-us\/topic\/how-to-delete-cookie-files-in-internet-explorer-bca9446f-d873-78de-77ba-d42645fa52fc<\/a><\/p>\n<p>Si vous utilisez un autre navigateur web, veuillez consulter les documents d\u2019assistance officiels de votre navigateur.<\/p>\n<\/div>\n<p class=\"cookie-policy-p\">\n","protected":false},"excerpt":{"rendered":"<style>\ufeff\ufeff    a.cky-banner-element {        padding: 8px 30px;        background: #F8F9FA;        color: #858A8F;        border: 1px solid #DEE2E6;        box-sizing: border-box;        border-radius: 2px;        cursor: pointer;}<\/style>\n<p>Date de mise en vigueur: 27-Oct-2023<br \/>\nDerni\u00e8re mise \u00e0 jour: 27-Oct-2023<\/p>\n<p>&nbsp;<\/p>\n<p>Que sont les cookies ?<\/p>\n<p>La pr\u00e9sente politique en mati\u00e8re de cookies explique ce que sont les cookies et comment nous les utilisons, les types de cookies que nous utilisons, c\u2019est-\u00e0-dire les informations que nous recueillons \u00e0 l\u2019aide des cookies et la mani\u00e8re dont ces informations sont utilis\u00e9es, ainsi que la mani\u00e8re de g\u00e9rer les param\u00e8tres des cookies.<\/p>\n<p>Les cookies sont de petits fichiers texte utilis\u00e9s pour stocker de petits \u00e9l\u00e9ments d\u2019information. Ils sont stock\u00e9s sur votre appareil lorsque le site web est charg\u00e9 sur votre navigateur. Ces cookies nous aident \u00e0 faire fonctionner le site web correctement, \u00e0 le rendre plus s\u00fbr, \u00e0 offrir une meilleure exp\u00e9rience \u00e0 l\u2019utilisateur, \u00e0 comprendre comment le site web fonctionne et \u00e0 analyser ce qui fonctionne et ce qui doit \u00eatre am\u00e9lior\u00e9.<\/p>\n<p>&nbsp;<\/p>\n<p>Comment utilisons-nous les cookies ?<\/p>\n<p>Comme la plupart des services en ligne, notre site web utilise des cookies de premi\u00e8re partie et de tierce partie \u00e0 plusieurs fins. Les cookies de premi\u00e8re partie sont essentiellement n\u00e9cessaires au bon fonctionnement du site web et ne collectent aucune de vos donn\u00e9es personnelles identifiables.<\/p>\n<p>Les cookies tiers utilis\u00e9s sur notre site web servent principalement \u00e0 comprendre comment le site web fonctionne, comment vous interagissez avec notre site web, \u00e0 assurer la s\u00e9curit\u00e9 de nos services, \u00e0 fournir des publicit\u00e9s pertinentes pour vous et, dans l\u2019ensemble, \u00e0 vous offrir une exp\u00e9rience utilisateur meilleure et am\u00e9lior\u00e9e et \u00e0 acc\u00e9l\u00e9rer vos interactions futures avec notre site web.<\/p>\n<p>&nbsp;<\/p>\n<p>&nbsp;<\/p>\n<p>Gestion es pr\u00e9f\u00e9rences de cookie<\/p>\n<p>Pr\u00e9f\u00e9rences de cookies<\/p>\n<p>Vous pouvez modifier vos pr\u00e9f\u00e9rences en mati\u00e8re de cookies \u00e0 tout moment en cliquant sur le bouton ci-dessus. Cela vous permettra de revenir \u00e0 la banni\u00e8re de consentement aux cookies et de modifier vos pr\u00e9f\u00e9rences ou de retirer votre consentement imm\u00e9diatement.<\/p>\n<p>En outre, les navigateurs proposent des m\u00e9thodes diff\u00e9rentes pour bloquer et supprimer les cookies utilis\u00e9s par les sites web. Vous pouvez modifier les param\u00e8tres de votre navigateur pour bloquer\/supprimer les cookies. Vous trouverez ci-dessous les liens vers les documents d\u2019assistance relatifs \u00e0 la gestion et \u00e0 la suppression des cookies des principaux navigateurs web.<\/p>\n<p>Chrome: https:\/\/support.google.com\/accounts\/answer\/32050<\/p>\n<p>Safari: https:\/\/support.apple.com\/en-in\/guide\/safari\/sfri11471\/mac<\/p>\n<p>Firefox: https:\/\/support.mozilla.org\/en-US\/kb\/clear-cookies-and-site-data-firefox?redirectslug=delete-cookies-remove-info-websites-stored&amp;redirectlocale=en-US<\/p>\n<p>Internet Explorer: https:\/\/support.microsoft.com\/en-us\/topic\/how-to-delete-cookie-files-in-internet-explorer-bca9446f-d873-78de-77ba-d42645fa52fc<\/p>\n<p>Si vous utilisez un autre navigateur web, veuillez consulter les documents d\u2019assistance officiels de votre navigateur.<\/p>\n<p class=\"cookie-policy-p\">\n","protected":false},"author":1,"featured_media":0,"parent":0,"menu_order":0,"comment_status":"closed","ping_status":"closed","template":"","meta":{"inline_featured_image":false,"footnotes":""},"yoast_head":"<!-- This site is optimized with the Yoast SEO plugin v22.1 - https:\/\/yoast.com\/wordpress\/plugins\/seo\/ -->\n<title>Politique de cookies - Qualtechsurplus<\/title>\n<meta name=\"description\" content=\"Qualtechsurplus se sp\u00e9cialise dans la vente et l&#039;achat d&#039;\u00e9quipements provenant de l&#039;industrie de la transformation laiti\u00e8re.\" \/>\n<meta name=\"robots\" content=\"index, follow, max-snippet:-1, max-image-preview:large, max-video-preview:-1\" \/>\n<link rel=\"canonical\" href=\"https:\/\/qualtechsurplus.com\/fr\/politique-de-cookies\/\" \/>\n<meta property=\"og:locale\" content=\"fr_CA\" \/>\n<meta property=\"og:type\" content=\"article\" \/>\n<meta property=\"og:title\" content=\"Politique de cookies - Qualtechsurplus\" \/>\n<meta property=\"og:description\" content=\"Qualtechsurplus se sp\u00e9cialise dans la vente et l&#039;achat d&#039;\u00e9quipements provenant de l&#039;industrie de la transformation laiti\u00e8re.\" \/>\n<meta property=\"og:url\" content=\"https:\/\/qualtechsurplus.com\/fr\/politique-de-cookies\/\" \/>\n<meta property=\"og:site_name\" content=\"Qualtechsurplus\" \/>\n<meta property=\"article:modified_time\" content=\"2024-02-19T21:19:43+00:00\" \/>\n<meta property=\"og:image\" content=\"https:\/\/qualtechsurplus.com\/wp-content\/uploads\/2023\/09\/Logo-Qualtech-Bleu.png\" \/>\n\t<meta property=\"og:image:width\" content=\"3882\" \/>\n\t<meta property=\"og:image:height\" content=\"1807\" \/>\n\t<meta property=\"og:image:type\" content=\"image\/png\" \/>\n<meta name=\"twitter:card\" content=\"summary_large_image\" \/>\n<meta name=\"twitter:label1\" content=\"Estimation du temps de lecture\" \/>\n\t<meta name=\"twitter:data1\" content=\"2 minutes\" \/>\n<script type=\"application\/ld+json\" class=\"yoast-schema-graph\">{\"@context\":\"https:\/\/schema.org\",\"@graph\":[{\"@type\":\"WebPage\",\"@id\":\"https:\/\/qualtechsurplus.com\/fr\/politique-de-cookies\/\",\"url\":\"https:\/\/qualtechsurplus.com\/fr\/politique-de-cookies\/\",\"name\":\"Politique de cookies - Qualtechsurplus\",\"isPartOf\":{\"@id\":\"https:\/\/qualtechsurplus.com\/#website\"},\"datePublished\":\"2023-10-27T20:26:25+00:00\",\"dateModified\":\"2024-02-19T21:19:43+00:00\",\"description\":\"Qualtechsurplus se sp\u00e9cialise dans la vente et l'achat d'\u00e9quipements provenant de l'industrie de la transformation laiti\u00e8re.\",\"breadcrumb\":{\"@id\":\"https:\/\/qualtechsurplus.com\/fr\/politique-de-cookies\/#breadcrumb\"},\"inLanguage\":\"fr-CA\",\"potentialAction\":[{\"@type\":\"ReadAction\",\"target\":[\"https:\/\/qualtechsurplus.com\/fr\/politique-de-cookies\/\"]}]},{\"@type\":\"BreadcrumbList\",\"@id\":\"https:\/\/qualtechsurplus.com\/fr\/politique-de-cookies\/#breadcrumb\",\"itemListElement\":[{\"@type\":\"ListItem\",\"position\":1,\"name\":\"Home\",\"item\":\"https:\/\/qualtechsurplus.com\/fr\/\"},{\"@type\":\"ListItem\",\"position\":2,\"name\":\"Politique de cookies\"}]},{\"@type\":\"WebSite\",\"@id\":\"https:\/\/qualtechsurplus.com\/#website\",\"url\":\"https:\/\/qualtechsurplus.com\/\",\"name\":\"Qualtechsurplus\",\"description\":\"\",\"publisher\":{\"@id\":\"https:\/\/qualtechsurplus.com\/#organization\"},\"potentialAction\":[{\"@type\":\"SearchAction\",\"target\":{\"@type\":\"EntryPoint\",\"urlTemplate\":\"https:\/\/qualtechsurplus.com\/?s={search_term_string}\"},\"query-input\":\"required name=search_term_string\"}],\"inLanguage\":\"fr-CA\"},{\"@type\":\"Organization\",\"@id\":\"https:\/\/qualtechsurplus.com\/#organization\",\"name\":\"Qualtechsurplus\",\"url\":\"https:\/\/qualtechsurplus.com\/\",\"logo\":{\"@type\":\"ImageObject\",\"inLanguage\":\"fr-CA\",\"@id\":\"https:\/\/qualtechsurplus.com\/#\/schema\/logo\/image\/\",\"url\":\"https:\/\/qualtechsurplus.com\/wp-content\/uploads\/2023\/09\/Logo-Qualtech-Bleu.png\",\"contentUrl\":\"https:\/\/qualtechsurplus.com\/wp-content\/uploads\/2023\/09\/Logo-Qualtech-Bleu.png\",\"width\":3882,\"height\":1807,\"caption\":\"Qualtechsurplus\"},\"image\":{\"@id\":\"https:\/\/qualtechsurplus.com\/#\/schema\/logo\/image\/\"}}]}<\/script>\n<!-- \/ Yoast SEO plugin. -->","yoast_head_json":{"title":"Politique de cookies - Qualtechsurplus","description":"Qualtechsurplus se sp\u00e9cialise dans la vente et l'achat d'\u00e9quipements provenant de l'industrie de la transformation laiti\u00e8re.","robots":{"index":"index","follow":"follow","max-snippet":"max-snippet:-1","max-image-preview":"max-image-preview:large","max-video-preview":"max-video-preview:-1"},"canonical":"https:\/\/qualtechsurplus.com\/fr\/politique-de-cookies\/","og_locale":"fr_CA","og_type":"article","og_title":"Politique de cookies - Qualtechsurplus","og_description":"Qualtechsurplus se sp\u00e9cialise dans la vente et l'achat d'\u00e9quipements provenant de l'industrie de la transformation laiti\u00e8re.","og_url":"https:\/\/qualtechsurplus.com\/fr\/politique-de-cookies\/","og_site_name":"Qualtechsurplus","article_modified_time":"2024-02-19T21:19:43+00:00","og_image":[{"width":3882,"height":1807,"url":"https:\/\/qualtechsurplus.com\/wp-content\/uploads\/2023\/09\/Logo-Qualtech-Bleu.png","type":"image\/png"}],"twitter_card":"summary_large_image","twitter_misc":{"Estimation du temps de lecture":"2 minutes"},"schema":{"@context":"https:\/\/schema.org","@graph":[{"@type":"WebPage","@id":"https:\/\/qualtechsurplus.com\/fr\/politique-de-cookies\/","url":"https:\/\/qualtechsurplus.com\/fr\/politique-de-cookies\/","name":"Politique de cookies - Qualtechsurplus","isPartOf":{"@id":"https:\/\/qualtechsurplus.com\/#website"},"datePublished":"2023-10-27T20:26:25+00:00","dateModified":"2024-02-19T21:19:43+00:00","description":"Qualtechsurplus se sp\u00e9cialise dans la vente et l'achat d'\u00e9quipements provenant de l'industrie de la transformation laiti\u00e8re.","breadcrumb":{"@id":"https:\/\/qualtechsurplus.com\/fr\/politique-de-cookies\/#breadcrumb"},"inLanguage":"fr-CA","potentialAction":[{"@type":"ReadAction","target":["https:\/\/qualtechsurplus.com\/fr\/politique-de-cookies\/"]}]},{"@type":"BreadcrumbList","@id":"https:\/\/qualtechsurplus.com\/fr\/politique-de-cookies\/#breadcrumb","itemListElement":[{"@type":"ListItem","position":1,"name":"Home","item":"https:\/\/qualtechsurplus.com\/fr\/"},{"@type":"ListItem","position":2,"name":"Politique de cookies"}]},{"@type":"WebSite","@id":"https:\/\/qualtechsurplus.com\/#website","url":"https:\/\/qualtechsurplus.com\/","name":"Qualtechsurplus","description":"","publisher":{"@id":"https:\/\/qualtechsurplus.com\/#organization"},"potentialAction":[{"@type":"SearchAction","target":{"@type":"EntryPoint","urlTemplate":"https:\/\/qualtechsurplus.com\/?s={search_term_string}"},"query-input":"required name=search_term_string"}],"inLanguage":"fr-CA"},{"@type":"Organization","@id":"https:\/\/qualtechsurplus.com\/#organization","name":"Qualtechsurplus","url":"https:\/\/qualtechsurplus.com\/","logo":{"@type":"ImageObject","inLanguage":"fr-CA","@id":"https:\/\/qualtechsurplus.com\/#\/schema\/logo\/image\/","url":"https:\/\/qualtechsurplus.com\/wp-content\/uploads\/2023\/09\/Logo-Qualtech-Bleu.png","contentUrl":"https:\/\/qualtechsurplus.com\/wp-content\/uploads\/2023\/09\/Logo-Qualtech-Bleu.png","width":3882,"height":1807,"caption":"Qualtechsurplus"},"image":{"@id":"https:\/\/qualtechsurplus.com\/#\/schema\/logo\/image\/"}}]}},"_links":{"self":[{"href":"https:\/\/qualtechsurplus.com\/fr\/wp-json\/wp\/v2\/pages\/3639"}],"collection":[{"href":"https:\/\/qualtechsurplus.com\/fr\/wp-json\/wp\/v2\/pages"}],"about":[{"href":"https:\/\/qualtechsurplus.com\/fr\/wp-json\/wp\/v2\/types\/page"}],"author":[{"embeddable":true,"href":"https:\/\/qualtechsurplus.com\/fr\/wp-json\/wp\/v2\/users\/1"}],"replies":[{"embeddable":true,"href":"https:\/\/qualtechsurplus.com\/fr\/wp-json\/wp\/v2\/comments?post=3639"}],"version-history":[{"count":4,"href":"https:\/\/qualtechsurplus.com\/fr\/wp-json\/wp\/v2\/pages\/3639\/revisions"}],"predecessor-version":[{"id":3788,"href":"https:\/\/qualtechsurplus.com\/fr\/wp-json\/wp\/v2\/pages\/3639\/revisions\/3788"}],"wp:attachment":[{"href":"https:\/\/qualtechsurplus.com\/fr\/wp-json\/wp\/v2\/media?parent=3639"}],"curies":[{"name":"wp","href":"https:\/\/api.w.org\/{rel}","templated":true}]}}